{"id":61,"date":"2025-07-15T23:20:35","date_gmt":"2025-07-15T21:20:35","guid":{"rendered":"https:\/\/lbhas.uber.space\/?page_id=61"},"modified":"2025-07-15T23:20:35","modified_gmt":"2025-07-15T21:20:35","slug":"satzung-2","status":"publish","type":"page","link":"https:\/\/lbhas.uber.space\/?page_id=61","title":{"rendered":"Satzung"},"content":{"rendered":"\n<h2 class=\"wp-block-heading\"><strong>Satzung der W\u00e4hlergruppe\/des Wahlvereins \u201eLinkes B\u00fcndnis Ha\u00dfberge &#8211; Die Linke\u201c<\/strong><\/h2>\n\n\n\n<div class=\"wp-block-group has-global-padding is-content-justification-left is-layout-constrained wp-container-core-group-is-layout-12dd3699 wp-block-group-is-layout-constrained\">\n<div class=\"wp-block-group has-global-padding is-layout-constrained wp-block-group-is-layout-constrained\">\n<h2 class=\"wp-block-heading is-style-default\">\u00a7 1 Name und Sitz<\/h2>\n\n\n\n<p>Der Name der W\u00e4hlergruppe\/des Wahlvereins lautet \u201eLinkes B\u00fcndnis Ha\u00dfberge \u2013 Die Linke\u201c wobei \u201eDie Linke\u201c als Kurzbezeichnung zu verstehen ist. Sitz des Vereins ist Ha\u00dffurt. Eine Eintragung ins Vereinsregister ist nicht vorgesehen.<\/p>\n<\/div>\n\n\n\n<div class=\"wp-block-group has-global-padding is-layout-constrained wp-block-group-is-layout-constrained\">\n<h2 class=\"wp-block-heading\">\u00a7 2 Vereinszweck<\/h2>\n\n\n\n<p>Zweck des Vereins ist die Teilnahme an den Wahlen zum Kreistag, bzw. zum Landrat des Landkreises Ha\u00dfberge.<\/p>\n<\/div>\n\n\n\n<div class=\"wp-block-group has-global-padding is-layout-constrained wp-block-group-is-layout-constrained\">\n<h2 class=\"wp-block-heading\">\u00a7 3 Selbstlosigkeit<\/h2>\n\n\n\n<p>Der Verein ist selbstlos t\u00e4tig; er verfolgt keinerlei eigenwirtschaftliche Zwecke.<\/p>\n<\/div>\n\n\n\n<div class=\"wp-block-group has-global-padding is-layout-constrained wp-block-group-is-layout-constrained\">\n<h2 class=\"wp-block-heading\">\u00a7 4 Mitgliedschaft<\/h2>\n\n\n\n<p>Mitglied kann nach Zustimmung des Vorstandes oder der Mitgliederversammlung jede nat\u00fcrliche Person mit Hauptwohlsitz im Landkreis Ha\u00dfberge werden, die das 14. Lebensjahr vollendet hat, die Satzung anerkennt, und sich zu den Linken Grundwerten von Freiheit, sozialer Gerechtigkeit und Solidarit\u00e4t bekennt. Minderj\u00e4hrige bed\u00fcrfen der Zustimmung ihrer Erziehungsberechtigten. Bei groben Verletzungen der Vereinspflichten kann der Vorstand den Ausschluss eines Mitgliedes beschlie\u00dfen, die Mitgliedschaft ruht bis zum endg\u00fcltigen Entscheid durch die Mitgliederversammlung. Die Mitgliedschaft endet mit Tod, Austritt oder Ausschluss vom Verein. Der Austritt kann nur schriftlich mitgeteilt werden.<\/p>\n<\/div>\n\n\n\n<div class=\"wp-block-group has-global-padding is-layout-constrained wp-block-group-is-layout-constrained\">\n<h2 class=\"wp-block-heading\">\u00a7 5 Mitgliederversammlungversammlung<\/h2>\n\n\n\n<p>Die Mitgliederversammlung fasst mit der einfachen Mehrheit der anwesenden stimmberechtigten Mitglieder Beschl\u00fcsse, au\u00dfer es wird aufgrund Gesetzeslage eine andere Mehrheitsverteilung erforderlich. Stimmberechtigt sind s\u00e4mtliche anwesenden Mitglieder. Die Mitgliederversammlung ist das h\u00f6chste Entscheidungsgremium.<\/p>\n\n\n\n<p>Aufgaben der Mitgliederversammlung<\/p>\n\n\n\n<p>Die Mitgliederversammlung w\u00e4hlt den Vorstand f\u00fcr zwei Jahre.<\/p>\n\n\n\n<p>Die Mitgliederversammlung entscheidet \u00fcber die Aufnahme neuer Mitglieder.<\/p>\n\n\n\n<p>\u00dcber Satzungs\u00e4nderungen beschlie\u00dft die Mitgliederversammlung mit Zweidrittelmehrheit der anwesenden Mitglieder.<\/p>\n\n\n\n<p>Die Mitgliederversammlung entscheidet \u00fcber die Teilnahme an den Kreistagswahlen, sowie zur Landratswahl.<\/p>\n\n\n\n<p>Die Mitgliederversammlung w\u00e4hlt nach den Vorgaben der Gesetzeslage die Kandidatenliste zur Kreistagswahl, sowie die Person des Landratskandidaten.<\/p>\n\n\n\n<p>Die Mitgliederversammlung nimmt den Jahresbericht entgegen.<\/p>\n\n\n\n<p>Die Mitgliederversammlung beschlie\u00dft \u00fcber die Entlastung des Vorstands.<\/p>\n<\/div>\n\n\n\n<div class=\"wp-block-group has-global-padding is-layout-constrained wp-block-group-is-layout-constrained\">\n<h2 class=\"wp-block-heading\"><strong>\u00a7 6 Vorstand<\/strong><\/h2>\n\n\n\n<p>Der Vorstand besteht aus mindestens drei Mitgliedern. Beschl\u00fcsse des Vorstands werden mit einfacher Mehrheit gefasst, hier\u00fcber werden schriftlich Protokolle angefertigt. Der Vorstand bleibt bis zur Wahl eines neuen Vorstandes im Amt. Der Verein wird gerichtlich und au\u00dfergerichtlich durch zwei Vorstandsmitglieder gemeinsam vertreten. Der Vorstand l\u00e4dt schriftlich zwei Wochen im Voraus mindestens einmal im Jahr zu einer Mitgliederversammlung ein. In dringenden F\u00e4llen kann die Ladungsfrist auf sieben Tage reduziert werden. Der Vorstand arbeitet ehrenamtlich.<\/p>\n<\/div>\n\n\n\n<div class=\"wp-block-group has-global-padding is-layout-constrained wp-block-group-is-layout-constrained\">\n<h2 class=\"wp-block-heading\"><strong>\u00a7 7 Allgemeine Bestimmungen<\/strong><\/h2>\n\n\n\n<p>Das Gesch\u00e4ftsjahr ist das Kalenderjahr. Bei allen Sitzungen wird Protokoll gef\u00fchrt. Das Protokoll unterzeichnet ein Vorstandsmitglied sowie der Protokollf\u00fchrer. Falls nicht anders festgelegt, gen\u00fcgt bei einer Wahl die einfache Mehrheit. Zur \u00c4nderung des Vereinszweckes bedarf es Einstimmigkeit.<\/p>\n<\/div>\n\n\n\n<div class=\"wp-block-group has-global-padding is-layout-constrained wp-block-group-is-layout-constrained\">\n<h2 class=\"wp-block-heading\"><strong>\u00a7 8 Aufl\u00f6sung<\/strong><\/h2>\n\n\n\n<p>Die Aufl\u00f6sung des Vereins kann nur die Mitgliederversammlung beschlie\u00dfen.<\/p>\n<\/div>\n<\/div>\n","protected":false},"excerpt":{"rendered":"<p>Satzung der W\u00e4hlergruppe\/des Wahlvereins \u201eLinkes B\u00fcndnis Ha\u00dfberge &#8211; Die Linke\u201c \u00a7 1 Name und Sitz Der Name der W\u00e4hlergruppe\/des Wahlvereins lautet \u201eLinkes B\u00fcndnis Ha\u00dfberge \u2013 Die Linke\u201c wobei \u201eDie Linke\u201c als Kurzbezeichnung zu verstehen ist. Sitz des Vereins ist Ha\u00dffurt. Eine Eintragung ins Vereinsregister ist nicht vorgesehen. \u00a7 2 Vereinszweck Zweck des Vereins ist die [&hellip;]<\/p>\n","protected":false},"author":1,"featured_media":0,"parent":0,"menu_order":0,"comment_status":"closed","ping_status":"closed","template":"","meta":{"footnotes":""},"class_list":["post-61","page","type-page","status-publish","hentry"],"_links":{"self":[{"href":"https:\/\/lbhas.uber.space\/index.php?rest_route=\/wp\/v2\/pages\/61","targetHints":{"allow":["GET"]}}],"collection":[{"href":"https:\/\/lbhas.uber.space\/index.php?rest_route=\/wp\/v2\/pages"}],"about":[{"href":"https:\/\/lbhas.uber.space\/index.php?rest_route=\/wp\/v2\/types\/page"}],"author":[{"embeddable":true,"href":"https:\/\/lbhas.uber.space\/index.php?rest_route=\/wp\/v2\/users\/1"}],"replies":[{"embeddable":true,"href":"https:\/\/lbhas.uber.space\/index.php?rest_route=%2Fwp%2Fv2%2Fcomments&post=61"}],"version-history":[{"count":3,"href":"https:\/\/lbhas.uber.space\/index.php?rest_route=\/wp\/v2\/pages\/61\/revisions"}],"predecessor-version":[{"id":66,"href":"https:\/\/lbhas.uber.space\/index.php?rest_route=\/wp\/v2\/pages\/61\/revisions\/66"}],"wp:attachment":[{"href":"https:\/\/lbhas.uber.space\/index.php?rest_route=%2Fwp%2Fv2%2Fmedia&parent=61"}],"curies":[{"name":"wp","href":"https:\/\/api.w.org\/{rel}","templated":true}]}}